{"id":5185,"date":"2021-11-23T20:51:14","date_gmt":"2021-11-23T19:51:14","guid":{"rendered":"https:\/\/xn--voguo-esa.com\/videos\/"},"modified":"2023-04-19T15:35:53","modified_gmt":"2023-04-19T13:35:53","slug":"videos","status":"publish","type":"page","link":"https:\/\/xn--voguo-esa.com\/de\/videos\/","title":{"rendered":"Videos"},"content":{"rendered":"<p>[et_pb_section fb_built=&#8220;1&#8243; admin_label=&#8220;Header&#8220; _builder_version=&#8220;4.16&#8243; background_color=&#8220;RGBA(0,0,0,0)&#8220; background_color_gradient_direction=&#8220;237deg&#8220; background_enable_image=&#8220;off&#8220; custom_padding=&#8220;16px||4vw||false|false&#8220; animation_style=&#8220;slide&#8220; animation_direction=&#8220;top&#8220; animation_intensity_slide=&#8220;2%&#8220; animation_starting_opacity=&#8220;100%&#8220; global_colors_info=&#8220;{}&#8220;][et_pb_row _builder_version=&#8220;4.16&#8243; _module_preset=&#8220;default&#8220; global_colors_info=&#8220;{}&#8220;][et_pb_column type=&#8220;4_4&#8243; _builder_version=&#8220;4.16&#8243; _module_preset=&#8220;default&#8220; global_colors_info=&#8220;{}&#8220;][et_pb_text _builder_version=&#8220;4.16&#8243; _module_preset=&#8220;default&#8220; text_font_size=&#8220;16px&#8220; text_line_height=&#8220;1.2em&#8220; text_orientation=&#8220;center&#8220; hover_enabled=&#8220;0&#8243; global_colors_info=&#8220;{}&#8220; sticky_enabled=&#8220;0&#8243;]<\/p>\n<p style=\"text-align: left;\">Im Folgenden finden Sie die sch\u00f6nsten Bilder von unserem Segelurlaub in Griechenland.<\/p>\n<p>[\/et_pb_text][et_pb_text _builder_version=&#8220;4.20.0&#8243; _module_preset=&#8220;default&#8220; text_font_size=&#8220;16px&#8220; text_orientation=&#8220;center&#8220; custom_margin=&#8220;||1px|||&#8220; hover_enabled=&#8220;0&#8243; global_colors_info=&#8220;{}&#8220; sticky_enabled=&#8220;0&#8243;]<\/p>\n<p style=\"text-align: left;\">Segelurlaub mit Vogu\u00e9o &#8211; Best Of 2022<\/p>\n<p>[\/et_pb_text][et_pb_video src=&#8220;https:\/\/www.youtube.com\/watch?v=-flkby7zTQQ&#038;t=108s&#8220; play_icon_color=&#8220;#FFFFFF&#8220; thumbnail_overlay_color=&#8220;RGBA(0,0,0,0)&#8220; _builder_version=&#8220;4.20.0&#8243; _module_preset=&#8220;default&#8220; hover_enabled=&#8220;0&#8243; global_colors_info=&#8220;{}&#8220; sticky_enabled=&#8220;0&#8243;][\/et_pb_video][et_pb_text _builder_version=&#8220;4.16&#8243; _module_preset=&#8220;default&#8220; text_font_size=&#8220;16px&#8220; text_orientation=&#8220;center&#8220; custom_margin=&#8220;||1px|||&#8220; global_colors_info=&#8220;{}&#8220;]<\/p>\n<p style=\"text-align: left;\">Segelurlaub mit Vogu\u00e9o &#8211; Best Of 2021<\/p>\n<p>[\/et_pb_text][et_pb_video src=&#8220;https:\/\/www.youtube.com\/watch?v=a4kTsHT8oaE&#038;t=8s&#8220; src_webm=&#8220;https:\/\/xn--voguo-esa.com\/wp-content\/uploads\/2022\/01\/Vogueo-2021-WeBM.webm&#8220; play_icon_color=&#8220;#FFFFFF&#8220; thumbnail_overlay_color=&#8220;RGBA(0,0,0,0)&#8220; _builder_version=&#8220;4.16&#8243; _module_preset=&#8220;default&#8220; global_colors_info=&#8220;{}&#8220;][\/et_pb_video][et_pb_text _builder_version=&#8220;4.16&#8243; _module_preset=&#8220;default&#8220; text_font_size=&#8220;16px&#8220; text_orientation=&#8220;center&#8220; custom_margin=&#8220;||1px|||&#8220; global_colors_info=&#8220;{}&#8220;]<\/p>\n<p style=\"text-align: left;\">Segelurlaub mit Vogu\u00e9o &#8211; Best Of 2020<\/p>\n<p>[\/et_pb_text][et_pb_video src=&#8220;https:\/\/www.youtube.com\/watch?v=0CnZ2yg9x7M&#8220; src_webm=&#8220;https:\/\/xn--voguo-esa.com\/wp-content\/uploads\/2020\/12\/VOGUEO-2020-WeBM.webm&#8220; play_icon_color=&#8220;#FFFFFF&#8220; _builder_version=&#8220;4.16&#8243; _module_preset=&#8220;default&#8220; global_colors_info=&#8220;{}&#8220;][\/et_pb_video][\/et_pb_column][\/et_pb_row][et_pb_row _builder_version=&#8220;4.12.1&#8243; _module_preset=&#8220;default&#8220; global_module=&#8220;2246&#8243; saved_tabs=&#8220;all&#8220; global_colors_info=&#8220;{}&#8220;][et_pb_column type=&#8220;4_4&#8243; _builder_version=&#8220;4.16&#8243; _module_preset=&#8220;default&#8220; global_colors_info=&#8220;{}&#8220;][et_pb_text _builder_version=&#8220;4.16&#8243; _module_preset=&#8220;default&#8220; text_font_size=&#8220;16px&#8220; text_orientation=&#8220;center&#8220; custom_margin=&#8220;||4px|||&#8220; global_colors_info=&#8220;{}&#8220;]<\/p>\n<p style=\"text-align: left;\">Folgen Sie uns in sozialen Netzwerken<\/p>\n<p>[\/et_pb_text][et_pb_social_media_follow url_new_window=&#8220;off&#8220; _builder_version=&#8220;4.16&#8243; _module_preset=&#8220;default&#8220; global_colors_info=&#8220;{}&#8220;][et_pb_social_media_follow_network social_network=&#8220;facebook&#8220; url=&#8220;https:\/\/www.facebook.com\/Voileetvacances&#8220; _builder_version=&#8220;4.16&#8243; _module_preset=&#8220;default&#8220; background_color=&#8220;#3b5998&#8243; global_colors_info=&#8220;{}&#8220; follow_button=&#8220;off&#8220; url_new_window=&#8220;off&#8220;]facebook[\/et_pb_social_media_follow_network][et_pb_social_media_follow_network social_network=&#8220;instagram&#8220; url=&#8220;https:\/\/www.instagram.com\/bertrandvogueo\/?hl=fr&#8220; _builder_version=&#8220;4.16&#8243; _module_preset=&#8220;default&#8220; background_color=&#8220;#ea2c59&#8243; global_colors_info=&#8220;{}&#8220; follow_button=&#8220;off&#8220; url_new_window=&#8220;off&#8220;]instagram[\/et_pb_social_media_follow_network][et_pb_social_media_follow_network social_network=&#8220;youtube&#8220; url=&#8220;https:\/\/www.youtube.com\/channel\/UCSr6duTD5756R5wN-y6k5yA&#8220; _builder_version=&#8220;4.16&#8243; _module_preset=&#8220;default&#8220; background_color=&#8220;#a82400&#8243; global_colors_info=&#8220;{}&#8220; follow_button=&#8220;off&#8220; url_new_window=&#8220;off&#8220;]youtube[\/et_pb_social_media_follow_network][\/et_pb_social_media_follow][\/et_pb_column][\/et_pb_row][\/et_pb_section][et_pb_section fb_built=&#8220;1&#8243; prev_background_color=&#8220;RGBA(0,0,0,0)&#8220; admin_label=&#8220;Footer&#8220; _builder_version=&#8220;4.16&#8243; use_background_color_gradient=&#8220;on&#8220; background_color_gradient_direction=&#8220;237deg&#8220; background_color_gradient_stops=&#8220;#46b3ff 0%|#0752fe 100%&#8220; background_color_gradient_start=&#8220;#46b3ff&#8220; background_color_gradient_end=&#8220;#0752fe&#8220; background_image=&#8220;https:\/\/xn--voguo-esa.com\/wp-content\/uploads\/2020\/12\/hosting-company-12.png&#8220; background_enable_image=&#8220;off&#8220; background_size=&#8220;contain&#8220; background_position=&#8220;top_center&#8220; custom_margin=&#8220;-30px||||false|false&#8220; custom_padding=&#8220;7vw||50px||false|false&#8220; top_divider_style=&#8220;wave2&#8243; animation_style=&#8220;slide&#8220; animation_direction=&#8220;top&#8220; animation_intensity_slide=&#8220;5%&#8220; animation_starting_opacity=&#8220;100%&#8220; background_color_gradient_stops_tablet=&#8220;#46b3ff 0%|#0752fe 100%&#8220; background_color_gradient_stops_phone=&#8220;#46b3ff 0%|#0752fe 100%&#8220; global_module=&#8220;1635&#8243; saved_tabs=&#8220;all&#8220; global_colors_info=&#8220;{}&#8220;][et_pb_row _builder_version=&#8220;4.16&#8243; background_color=&#8220;rgba(0,0,0,0)&#8220; custom_margin=&#8220;0px||||false|false&#8220; custom_padding=&#8220;0px|40px|0px|40px|true|true&#8220; border_radii=&#8220;on|24px|24px|24px|24px&#8220; global_colors_info=&#8220;{}&#8220;][et_pb_column type=&#8220;4_4&#8243; _builder_version=&#8220;4.16&#8243; custom_padding=&#8220;|||&#8220; global_colors_info=&#8220;{}&#8220; custom_padding__hover=&#8220;|||&#8220;][et_pb_contact_form email=&#8220;bertrand@vogu\u00e9o.com&#8220; title=&#8220;Nutzen Sie unser Kontaktformular&#8220; success_message=&#8220;Vielen Dank, wir werden Ihnen so bald wie m\u00f6glich antworten.&#8220; module_id=&#8220;et_pb_contact_form_0&#8243; _builder_version=&#8220;4.16&#8243; _unique_id=&#8220;3aaacd7c-f50b-4d3c-a2c2-003db702634f&#8220; form_field_background_color=&#8220;#f8fafe&#8220; title_level=&#8220;h4&#8243; title_text_align=&#8220;center&#8220; title_text_color=&#8220;#ffffff&#8220; title_line_height=&#8220;2em&#8220; form_field_font=&#8220;||||||||&#8220; background_color=&#8220;rgba(0,0,0,0)&#8220; custom_button=&#8220;on&#8220; button_text_size=&#8220;13px&#8220; button_text_color=&#8220;#ffffff&#8220; button_bg_color=&#8220;#2970fa&#8220; button_border_width=&#8220;10px&#8220; button_border_color=&#8220;rgba(0,0,0,0)&#8220; button_border_radius=&#8220;5px&#8220; button_letter_spacing=&#8220;1px&#8220; button_font=&#8220;Rubik|||on|||||&#8220; button_use_icon=&#8220;off&#8220; custom_padding=&#8220;|||&#8220; border_radii=&#8220;on|5px|5px|5px|5px&#8220; border_width_all=&#8220;1px&#8220; border_color_all=&#8220;#dfe4f3&#8243; box_shadow_style_button=&#8220;preset1&#8243; box_shadow_color_button=&#8220;rgba(41,112,250,0.2)&#8220; form_background_color=&#8220;#f8fafe&#8220; locked=&#8220;off&#8220; global_colors_info=&#8220;{}&#8220;][et_pb_contact_field field_id=&#8220;Name&#8220; field_title=&#8220;Name&#8220; _builder_version=&#8220;4.16&#8243; custom_margin=&#8220;||40px|&#8220; global_colors_info=&#8220;{}&#8220; button_text_size__hover_enabled=&#8220;off&#8220; button_one_text_size__hover_enabled=&#8220;off&#8220; button_two_text_size__hover_enabled=&#8220;off&#8220; button_text_color__hover_enabled=&#8220;off&#8220; button_one_text_color__hover_enabled=&#8220;off&#8220; button_two_text_color__hover_enabled=&#8220;off&#8220; button_border_width__hover_enabled=&#8220;off&#8220; button_one_border_width__hover_enabled=&#8220;off&#8220; button_two_border_width__hover_enabled=&#8220;off&#8220; button_border_color__hover_enabled=&#8220;off&#8220; button_one_border_color__hover_enabled=&#8220;off&#8220; button_two_border_color__hover_enabled=&#8220;off&#8220; button_border_radius__hover_enabled=&#8220;off&#8220; button_one_border_radius__hover_enabled=&#8220;off&#8220; button_two_border_radius__hover_enabled=&#8220;off&#8220; button_letter_spacing__hover_enabled=&#8220;off&#8220; button_one_letter_spacing__hover_enabled=&#8220;off&#8220; button_two_letter_spacing__hover_enabled=&#8220;off&#8220; button_bg_color__hover_enabled=&#8220;off&#8220; button_one_bg_color__hover_enabled=&#8220;off&#8220; button_two_bg_color__hover_enabled=&#8220;off&#8220;][\/et_pb_contact_field][et_pb_contact_field field_id=&#8220;Email&#8220; field_title=&#8220;Email Address&#8220; field_type=&#8220;email&#8220; _builder_version=&#8220;4.16&#8243; custom_margin=&#8220;||40px|&#8220; global_colors_info=&#8220;{}&#8220; button_text_size__hover_enabled=&#8220;off&#8220; button_one_text_size__hover_enabled=&#8220;off&#8220; button_two_text_size__hover_enabled=&#8220;off&#8220; button_text_color__hover_enabled=&#8220;off&#8220; button_one_text_color__hover_enabled=&#8220;off&#8220; button_two_text_color__hover_enabled=&#8220;off&#8220; button_border_width__hover_enabled=&#8220;off&#8220; button_one_border_width__hover_enabled=&#8220;off&#8220; button_two_border_width__hover_enabled=&#8220;off&#8220; button_border_color__hover_enabled=&#8220;off&#8220; button_one_border_color__hover_enabled=&#8220;off&#8220; button_two_border_color__hover_enabled=&#8220;off&#8220; button_border_radius__hover_enabled=&#8220;off&#8220; button_one_border_radius__hover_enabled=&#8220;off&#8220; button_two_border_radius__hover_enabled=&#8220;off&#8220; button_letter_spacing__hover_enabled=&#8220;off&#8220; button_one_letter_spacing__hover_enabled=&#8220;off&#8220; button_two_letter_spacing__hover_enabled=&#8220;off&#8220; button_bg_color__hover_enabled=&#8220;off&#8220; button_one_bg_color__hover_enabled=&#8220;off&#8220; button_two_bg_color__hover_enabled=&#8220;off&#8220;][\/et_pb_contact_field][et_pb_contact_field field_id=&#8220;Message&#8220; field_title=&#8220;Nachricht&#8220; field_type=&#8220;text&#8220; fullwidth_field=&#8220;on&#8220; _builder_version=&#8220;4.16&#8243; custom_margin=&#8220;||40px|&#8220; global_colors_info=&#8220;{}&#8220; button_text_size__hover_enabled=&#8220;off&#8220; button_one_text_size__hover_enabled=&#8220;off&#8220; button_two_text_size__hover_enabled=&#8220;off&#8220; button_text_color__hover_enabled=&#8220;off&#8220; button_one_text_color__hover_enabled=&#8220;off&#8220; button_two_text_color__hover_enabled=&#8220;off&#8220; button_border_width__hover_enabled=&#8220;off&#8220; button_one_border_width__hover_enabled=&#8220;off&#8220; button_two_border_width__hover_enabled=&#8220;off&#8220; button_border_color__hover_enabled=&#8220;off&#8220; button_one_border_color__hover_enabled=&#8220;off&#8220; button_two_border_color__hover_enabled=&#8220;off&#8220; button_border_radius__hover_enabled=&#8220;off&#8220; button_one_border_radius__hover_enabled=&#8220;off&#8220; button_two_border_radius__hover_enabled=&#8220;off&#8220; button_letter_spacing__hover_enabled=&#8220;off&#8220; button_one_letter_spacing__hover_enabled=&#8220;off&#8220; button_two_letter_spacing__hover_enabled=&#8220;off&#8220; button_bg_color__hover_enabled=&#8220;off&#8220; button_one_bg_color__hover_enabled=&#8220;off&#8220; button_two_bg_color__hover_enabled=&#8220;off&#8220;][\/et_pb_contact_field][\/et_pb_contact_form][et_pb_code _builder_version=&#8220;4.16&#8243; _module_preset=&#8220;default&#8220; global_colors_info=&#8220;{}&#8220;][\/et_pb_code][\/et_pb_column][\/et_pb_row][\/et_pb_section]<\/p>\n","protected":false},"excerpt":{"rendered":"<p>Im Folgenden finden Sie die sch\u00f6nsten Bilder von unserem Segelurlaub in Griechenland.Segelurlaub mit Vogu\u00e9o &#8211; Best Of 2022Segelurlaub mit Vogu\u00e9o &#8211; Best Of 2021Segelurlaub mit Vogu\u00e9o &#8211; Best Of 2020Folgen Sie uns in sozialen Netzwerken<\/p>\n","protected":false},"author":1,"featured_media":0,"parent":0,"menu_order":6,"comment_status":"closed","ping_status":"closed","template":"","meta":{"_et_pb_use_builder":"on","_et_pb_old_content":"","_et_gb_content_width":"","footnotes":""},"class_list":["post-5185","page","type-page","status-publish","hentry"],"yoast_head":"<!-- This site is optimized with the Yoast SEO plugin v27.3 - https:\/\/yoast.com\/product\/yoast-seo-wordpress\/ -->\n<title>Segelurlaub in Griechenland | Vogu\u00e9o | Videos<\/title>\n<meta name=\"description\" content=\"Sie sehnen sich nach Reisen, Freiheit und einem Urlaub voller Abenteuer. Hier finden Sie Vogu\u00e9o-Videos von unserem Segelbooturlaub in Griechenland.\" \/>\n<meta name=\"robots\" content=\"index, follow, max-snippet:-1, max-image-preview:large, max-video-preview:-1\" \/>\n<link rel=\"canonical\" href=\"https:\/\/xn--voguo-esa.com\/de\/videos\/\" \/>\n<meta property=\"og:locale\" content=\"de_DE\" \/>\n<meta property=\"og:type\" content=\"article\" \/>\n<meta property=\"og:title\" content=\"Segelurlaub in Griechenland | Vogu\u00e9o | Videos\" \/>\n<meta property=\"og:description\" content=\"Sie sehnen sich nach Reisen, Freiheit und einem Urlaub voller Abenteuer. Hier finden Sie Vogu\u00e9o-Videos von unserem Segelbooturlaub in Griechenland.\" \/>\n<meta property=\"og:url\" content=\"https:\/\/xn--voguo-esa.com\/de\/videos\/\" \/>\n<meta property=\"og:site_name\" content=\"VOGU\u00c9O\" \/>\n<meta property=\"article:publisher\" content=\"https:\/\/www.facebook.com\/vogueosailing\" \/>\n<meta property=\"article:modified_time\" content=\"2023-04-19T13:35:53+00:00\" \/>\n<meta name=\"twitter:card\" content=\"summary_large_image\" \/>\n<meta name=\"twitter:label1\" content=\"Gesch\u00e4tzte Lesezeit\" \/>\n\t<meta name=\"twitter:data1\" content=\"7\u00a0Minuten\" \/>\n<script type=\"application\/ld+json\" class=\"yoast-schema-graph\">{\"@context\":\"https:\\\/\\\/schema.org\",\"@graph\":[{\"@type\":\"WebPage\",\"@id\":\"https:\\\/\\\/xn--voguo-esa.com\\\/de\\\/videos\\\/\",\"url\":\"https:\\\/\\\/xn--voguo-esa.com\\\/de\\\/videos\\\/\",\"name\":\"Segelurlaub in Griechenland | Vogu\u00e9o | Videos\",\"isPartOf\":{\"@id\":\"https:\\\/\\\/xn--voguo-esa.com\\\/de\\\/#website\"},\"datePublished\":\"2021-11-23T19:51:14+00:00\",\"dateModified\":\"2023-04-19T13:35:53+00:00\",\"description\":\"Sie sehnen sich nach Reisen, Freiheit und einem Urlaub voller Abenteuer. Hier finden Sie Vogu\u00e9o-Videos von unserem Segelbooturlaub in Griechenland.\",\"breadcrumb\":{\"@id\":\"https:\\\/\\\/xn--voguo-esa.com\\\/de\\\/videos\\\/#breadcrumb\"},\"inLanguage\":\"de\",\"potentialAction\":[{\"@type\":\"ReadAction\",\"target\":[\"https:\\\/\\\/xn--voguo-esa.com\\\/de\\\/videos\\\/\"]}]},{\"@type\":\"BreadcrumbList\",\"@id\":\"https:\\\/\\\/xn--voguo-esa.com\\\/de\\\/videos\\\/#breadcrumb\",\"itemListElement\":[{\"@type\":\"ListItem\",\"position\":1,\"name\":\"Accueil\",\"item\":\"https:\\\/\\\/xn--voguo-esa.com\\\/de\\\/front\\\/\"},{\"@type\":\"ListItem\",\"position\":2,\"name\":\"Videos\"}]},{\"@type\":\"WebSite\",\"@id\":\"https:\\\/\\\/xn--voguo-esa.com\\\/de\\\/#website\",\"url\":\"https:\\\/\\\/xn--voguo-esa.com\\\/de\\\/\",\"name\":\"VOGU\u00c9O\",\"description\":\"Sailing holidays\",\"publisher\":{\"@id\":\"https:\\\/\\\/xn--voguo-esa.com\\\/de\\\/#organization\"},\"potentialAction\":[{\"@type\":\"SearchAction\",\"target\":{\"@type\":\"EntryPoint\",\"urlTemplate\":\"https:\\\/\\\/xn--voguo-esa.com\\\/de\\\/?s={search_term_string}\"},\"query-input\":{\"@type\":\"PropertyValueSpecification\",\"valueRequired\":true,\"valueName\":\"search_term_string\"}}],\"inLanguage\":\"de\"},{\"@type\":\"Organization\",\"@id\":\"https:\\\/\\\/xn--voguo-esa.com\\\/de\\\/#organization\",\"name\":\"Vogu\u00e9o\",\"url\":\"https:\\\/\\\/xn--voguo-esa.com\\\/de\\\/\",\"logo\":{\"@type\":\"ImageObject\",\"inLanguage\":\"de\",\"@id\":\"https:\\\/\\\/xn--voguo-esa.com\\\/de\\\/#\\\/schema\\\/logo\\\/image\\\/\",\"url\":\"https:\\\/\\\/xn--voguo-esa.com\\\/wp-content\\\/uploads\\\/2021\\\/12\\\/Logo-vogue-gris-06-icon-e1639080584400.png\",\"contentUrl\":\"https:\\\/\\\/xn--voguo-esa.com\\\/wp-content\\\/uploads\\\/2021\\\/12\\\/Logo-vogue-gris-06-icon-e1639080584400.png\",\"width\":300,\"height\":319,\"caption\":\"Vogu\u00e9o\"},\"image\":{\"@id\":\"https:\\\/\\\/xn--voguo-esa.com\\\/de\\\/#\\\/schema\\\/logo\\\/image\\\/\"},\"sameAs\":[\"https:\\\/\\\/www.facebook.com\\\/vogueosailing\",\"https:\\\/\\\/www.instagram.com\\\/vogueosailing\"]}]}<\/script>\n<!-- \/ Yoast SEO plugin. -->","yoast_head_json":{"title":"Segelurlaub in Griechenland | Vogu\u00e9o | Videos","description":"Sie sehnen sich nach Reisen, Freiheit und einem Urlaub voller Abenteuer. Hier finden Sie Vogu\u00e9o-Videos von unserem Segelbooturlaub in Griechenland.","robots":{"index":"index","follow":"follow","max-snippet":"max-snippet:-1","max-image-preview":"max-image-preview:large","max-video-preview":"max-video-preview:-1"},"canonical":"https:\/\/xn--voguo-esa.com\/de\/videos\/","og_locale":"de_DE","og_type":"article","og_title":"Segelurlaub in Griechenland | Vogu\u00e9o | Videos","og_description":"Sie sehnen sich nach Reisen, Freiheit und einem Urlaub voller Abenteuer. Hier finden Sie Vogu\u00e9o-Videos von unserem Segelbooturlaub in Griechenland.","og_url":"https:\/\/xn--voguo-esa.com\/de\/videos\/","og_site_name":"VOGU\u00c9O","article_publisher":"https:\/\/www.facebook.com\/vogueosailing","article_modified_time":"2023-04-19T13:35:53+00:00","twitter_card":"summary_large_image","twitter_misc":{"Gesch\u00e4tzte Lesezeit":"7\u00a0Minuten"},"schema":{"@context":"https:\/\/schema.org","@graph":[{"@type":"WebPage","@id":"https:\/\/xn--voguo-esa.com\/de\/videos\/","url":"https:\/\/xn--voguo-esa.com\/de\/videos\/","name":"Segelurlaub in Griechenland | Vogu\u00e9o | Videos","isPartOf":{"@id":"https:\/\/xn--voguo-esa.com\/de\/#website"},"datePublished":"2021-11-23T19:51:14+00:00","dateModified":"2023-04-19T13:35:53+00:00","description":"Sie sehnen sich nach Reisen, Freiheit und einem Urlaub voller Abenteuer. Hier finden Sie Vogu\u00e9o-Videos von unserem Segelbooturlaub in Griechenland.","breadcrumb":{"@id":"https:\/\/xn--voguo-esa.com\/de\/videos\/#breadcrumb"},"inLanguage":"de","potentialAction":[{"@type":"ReadAction","target":["https:\/\/xn--voguo-esa.com\/de\/videos\/"]}]},{"@type":"BreadcrumbList","@id":"https:\/\/xn--voguo-esa.com\/de\/videos\/#breadcrumb","itemListElement":[{"@type":"ListItem","position":1,"name":"Accueil","item":"https:\/\/xn--voguo-esa.com\/de\/front\/"},{"@type":"ListItem","position":2,"name":"Videos"}]},{"@type":"WebSite","@id":"https:\/\/xn--voguo-esa.com\/de\/#website","url":"https:\/\/xn--voguo-esa.com\/de\/","name":"VOGU\u00c9O","description":"Sailing holidays","publisher":{"@id":"https:\/\/xn--voguo-esa.com\/de\/#organization"},"potentialAction":[{"@type":"SearchAction","target":{"@type":"EntryPoint","urlTemplate":"https:\/\/xn--voguo-esa.com\/de\/?s={search_term_string}"},"query-input":{"@type":"PropertyValueSpecification","valueRequired":true,"valueName":"search_term_string"}}],"inLanguage":"de"},{"@type":"Organization","@id":"https:\/\/xn--voguo-esa.com\/de\/#organization","name":"Vogu\u00e9o","url":"https:\/\/xn--voguo-esa.com\/de\/","logo":{"@type":"ImageObject","inLanguage":"de","@id":"https:\/\/xn--voguo-esa.com\/de\/#\/schema\/logo\/image\/","url":"https:\/\/xn--voguo-esa.com\/wp-content\/uploads\/2021\/12\/Logo-vogue-gris-06-icon-e1639080584400.png","contentUrl":"https:\/\/xn--voguo-esa.com\/wp-content\/uploads\/2021\/12\/Logo-vogue-gris-06-icon-e1639080584400.png","width":300,"height":319,"caption":"Vogu\u00e9o"},"image":{"@id":"https:\/\/xn--voguo-esa.com\/de\/#\/schema\/logo\/image\/"},"sameAs":["https:\/\/www.facebook.com\/vogueosailing","https:\/\/www.instagram.com\/vogueosailing"]}]}},"_links":{"self":[{"href":"https:\/\/xn--voguo-esa.com\/de\/wp-json\/wp\/v2\/pages\/5185","targetHints":{"allow":["GET"]}}],"collection":[{"href":"https:\/\/xn--voguo-esa.com\/de\/wp-json\/wp\/v2\/pages"}],"about":[{"href":"https:\/\/xn--voguo-esa.com\/de\/wp-json\/wp\/v2\/types\/page"}],"author":[{"embeddable":true,"href":"https:\/\/xn--voguo-esa.com\/de\/wp-json\/wp\/v2\/users\/1"}],"replies":[{"embeddable":true,"href":"https:\/\/xn--voguo-esa.com\/de\/wp-json\/wp\/v2\/comments?post=5185"}],"version-history":[{"count":10,"href":"https:\/\/xn--voguo-esa.com\/de\/wp-json\/wp\/v2\/pages\/5185\/revisions"}],"predecessor-version":[{"id":6475,"href":"https:\/\/xn--voguo-esa.com\/de\/wp-json\/wp\/v2\/pages\/5185\/revisions\/6475"}],"wp:attachment":[{"href":"https:\/\/xn--voguo-esa.com\/de\/wp-json\/wp\/v2\/media?parent=5185"}],"curies":[{"name":"wp","href":"https:\/\/api.w.org\/{rel}","templated":true}]}}