{"id":5182,"date":"2021-11-23T20:51:14","date_gmt":"2021-11-23T19:51:14","guid":{"rendered":"https:\/\/xn--voguo-esa.com\/videos\/"},"modified":"2023-04-19T15:35:52","modified_gmt":"2023-04-19T13:35:52","slug":"videos","status":"publish","type":"page","link":"https:\/\/xn--voguo-esa.com\/nl\/videos\/","title":{"rendered":"Video&#8217;s"},"content":{"rendered":"<p>[et_pb_section fb_built=&#8221;1&#8243; admin_label=&#8221;Header&#8221; _builder_version=&#8221;4.16&#8243; background_color=&#8221;RGBA(0,0,0,0)&#8221; background_color_gradient_direction=&#8221;237deg&#8221; background_enable_image=&#8221;off&#8221; custom_padding=&#8221;16px||4vw||false|false&#8221; animation_style=&#8221;slide&#8221; animation_direction=&#8221;top&#8221; animation_intensity_slide=&#8221;2%&#8221; animation_starting_opacity=&#8221;100%&#8221; global_colors_info=&#8221;{}&#8221;][et_pb_row _builder_version=&#8221;4.16&#8243; _module_preset=&#8221;default&#8221; global_colors_info=&#8221;{}&#8221;][et_pb_column type=&#8221;4_4&#8243; _builder_version=&#8221;4.16&#8243; _module_preset=&#8221;default&#8221; global_colors_info=&#8221;{}&#8221;][et_pb_text _builder_version=&#8221;4.16&#8243; _module_preset=&#8221;default&#8221; text_font_size=&#8221;16px&#8221; text_line_height=&#8221;1.2em&#8221; text_orientation=&#8221;center&#8221; hover_enabled=&#8221;0&#8243; global_colors_info=&#8221;{}&#8221; sticky_enabled=&#8221;0&#8243;]<\/p>\n<p style=\"text-align: left;\">Vind hieronder de mooiste beelden van onze zeilvakanties in Griekenland.<\/p>\n<p>[\/et_pb_text][et_pb_text _builder_version=&#8221;4.20.0&#8243; _module_preset=&#8221;default&#8221; text_font_size=&#8221;16px&#8221; text_orientation=&#8221;center&#8221; custom_margin=&#8221;||1px|||&#8221; hover_enabled=&#8221;0&#8243; global_colors_info=&#8221;{}&#8221; sticky_enabled=&#8221;0&#8243;]<\/p>\n<p style=\"text-align: left;\">Zeilvakanties met Vogu\u00e9o &#8211; Best Of 2022<\/p>\n<p>[\/et_pb_text][et_pb_video src=&#8221;https:\/\/www.youtube.com\/watch?v=-flkby7zTQQ&#038;t=108s&#8221; play_icon_color=&#8221;#FFFFFF&#8221; thumbnail_overlay_color=&#8221;RGBA(0,0,0,0)&#8221; _builder_version=&#8221;4.20.0&#8243; _module_preset=&#8221;default&#8221; hover_enabled=&#8221;0&#8243; global_colors_info=&#8221;{}&#8221; sticky_enabled=&#8221;0&#8243;][\/et_pb_video][et_pb_text _builder_version=&#8221;4.16&#8243; _module_preset=&#8221;default&#8221; text_font_size=&#8221;16px&#8221; text_orientation=&#8221;center&#8221; custom_margin=&#8221;||1px|||&#8221; global_colors_info=&#8221;{}&#8221;]<\/p>\n<p style=\"text-align: left;\">Zeilvakanties met Vogu\u00e9o &#8211; Best Of 2021<\/p>\n<p>[\/et_pb_text][et_pb_video src=&#8221;https:\/\/www.youtube.com\/watch?v=a4kTsHT8oaE&#038;t=8s&#8221; src_webm=&#8221;https:\/\/xn--voguo-esa.com\/wp-content\/uploads\/2022\/01\/Vogueo-2021-WeBM.webm&#8221; play_icon_color=&#8221;#FFFFFF&#8221; thumbnail_overlay_color=&#8221;RGBA(0,0,0,0)&#8221; _builder_version=&#8221;4.16&#8243; _module_preset=&#8221;default&#8221; global_colors_info=&#8221;{}&#8221;][\/et_pb_video][et_pb_text _builder_version=&#8221;4.16&#8243; _module_preset=&#8221;default&#8221; text_font_size=&#8221;16px&#8221; text_orientation=&#8221;center&#8221; custom_margin=&#8221;||1px|||&#8221; global_colors_info=&#8221;{}&#8221;]<\/p>\n<p style=\"text-align: left;\">Zeilvakanties met Vogu\u00e9o &#8211; Best Of 2020<\/p>\n<p>[\/et_pb_text][et_pb_video src=&#8221;https:\/\/www.youtube.com\/watch?v=0CnZ2yg9x7M&#8221; src_webm=&#8221;https:\/\/xn--voguo-esa.com\/wp-content\/uploads\/2020\/12\/VOGUEO-2020-WeBM.webm&#8221; play_icon_color=&#8221;#FFFFFF&#8221; _builder_version=&#8221;4.16&#8243; _module_preset=&#8221;default&#8221; global_colors_info=&#8221;{}&#8221;][\/et_pb_video][\/et_pb_column][\/et_pb_row][et_pb_row _builder_version=&#8221;4.12.1&#8243; _module_preset=&#8221;default&#8221; global_module=&#8221;2246&#8243; saved_tabs=&#8221;all&#8221; global_colors_info=&#8221;{}&#8221;][et_pb_column type=&#8221;4_4&#8243; _builder_version=&#8221;4.16&#8243; _module_preset=&#8221;default&#8221; global_colors_info=&#8221;{}&#8221;][et_pb_text _builder_version=&#8221;4.16&#8243; _module_preset=&#8221;default&#8221; text_font_size=&#8221;16px&#8221; text_orientation=&#8221;center&#8221; custom_margin=&#8221;||4px|||&#8221; global_colors_info=&#8221;{}&#8221;]<\/p>\n<p style=\"text-align: left;\">Volg ons op sociale netwerken<\/p>\n<p>[\/et_pb_text][et_pb_social_media_follow url_new_window=&#8221;off&#8221; _builder_version=&#8221;4.16&#8243; _module_preset=&#8221;default&#8221; global_colors_info=&#8221;{}&#8221;][et_pb_social_media_follow_network social_network=&#8221;facebook&#8221; url=&#8221;https:\/\/www.facebook.com\/Voileetvacances&#8221; _builder_version=&#8221;4.16&#8243; _module_preset=&#8221;default&#8221; background_color=&#8221;#3b5998&#8243; global_colors_info=&#8221;{}&#8221; follow_button=&#8221;off&#8221; url_new_window=&#8221;off&#8221;]facebook[\/et_pb_social_media_follow_network][et_pb_social_media_follow_network social_network=&#8221;instagram&#8221; url=&#8221;https:\/\/www.instagram.com\/bertrandvogueo\/?hl=fr&#8221; _builder_version=&#8221;4.16&#8243; _module_preset=&#8221;default&#8221; background_color=&#8221;#ea2c59&#8243; global_colors_info=&#8221;{}&#8221; follow_button=&#8221;off&#8221; url_new_window=&#8221;off&#8221;]instagram[\/et_pb_social_media_follow_network][et_pb_social_media_follow_network social_network=&#8221;youtube&#8221; url=&#8221;https:\/\/www.youtube.com\/channel\/UCSr6duTD5756R5wN-y6k5yA&#8221; _builder_version=&#8221;4.16&#8243; _module_preset=&#8221;default&#8221; background_color=&#8221;#a82400&#8243; global_colors_info=&#8221;{}&#8221; follow_button=&#8221;off&#8221; url_new_window=&#8221;off&#8221;]youtube[\/et_pb_social_media_follow_network][\/et_pb_social_media_follow][\/et_pb_column][\/et_pb_row][\/et_pb_section][et_pb_section fb_built=&#8221;1&#8243; prev_background_color=&#8221;RGBA(0,0,0,0)&#8221; admin_label=&#8221;Footer&#8221; _builder_version=&#8221;4.16&#8243; use_background_color_gradient=&#8221;on&#8221; background_color_gradient_direction=&#8221;237deg&#8221; background_color_gradient_stops=&#8221;#46b3ff 0%|#0752fe 100%&#8221; background_color_gradient_start=&#8221;#46b3ff&#8221; background_color_gradient_end=&#8221;#0752fe&#8221; background_image=&#8221;https:\/\/xn--voguo-esa.com\/wp-content\/uploads\/2020\/12\/hosting-company-12.png&#8221; background_enable_image=&#8221;off&#8221; background_size=&#8221;contain&#8221; background_position=&#8221;top_center&#8221; custom_margin=&#8221;-30px||||false|false&#8221; custom_padding=&#8221;7vw||50px||false|false&#8221; top_divider_style=&#8221;wave2&#8243; animation_style=&#8221;slide&#8221; animation_direction=&#8221;top&#8221; animation_intensity_slide=&#8221;5%&#8221; animation_starting_opacity=&#8221;100%&#8221; background_color_gradient_stops_tablet=&#8221;#46b3ff 0%|#0752fe 100%&#8221; background_color_gradient_stops_phone=&#8221;#46b3ff 0%|#0752fe 100%&#8221; global_module=&#8221;1635&#8243; saved_tabs=&#8221;all&#8221; global_colors_info=&#8221;{}&#8221;][et_pb_row _builder_version=&#8221;4.16&#8243; background_color=&#8221;rgba(0,0,0,0)&#8221; custom_margin=&#8221;0px||||false|false&#8221; custom_padding=&#8221;0px|40px|0px|40px|true|true&#8221; border_radii=&#8221;on|24px|24px|24px|24px&#8221; global_colors_info=&#8221;{}&#8221;][et_pb_column type=&#8221;4_4&#8243; _builder_version=&#8221;4.16&#8243; custom_padding=&#8221;|||&#8221; global_colors_info=&#8221;{}&#8221; custom_padding__hover=&#8221;|||&#8221;][et_pb_contact_form email=&#8221;bertrand@vogu\u00e9o.com&#8221; title=&#8221;Gebruik ons contactformulier&#8221; success_message=&#8221;Dank u, we zullen u zo snel mogelijk antwoorden.&#8221; module_id=&#8221;et_pb_contact_form_0&#8243; _builder_version=&#8221;4.16&#8243; _unique_id=&#8221;3aaacd7c-f50b-4d3c-a2c2-003db702634f&#8221; form_field_background_color=&#8221;#f8fafe&#8221; title_level=&#8221;h4&#8243; title_text_align=&#8221;center&#8221; title_text_color=&#8221;#ffffff&#8221; title_line_height=&#8221;2em&#8221; form_field_font=&#8221;||||||||&#8221; background_color=&#8221;rgba(0,0,0,0)&#8221; custom_button=&#8221;on&#8221; button_text_size=&#8221;13px&#8221; button_text_color=&#8221;#ffffff&#8221; button_bg_color=&#8221;#2970fa&#8221; button_border_width=&#8221;10px&#8221; button_border_color=&#8221;rgba(0,0,0,0)&#8221; button_border_radius=&#8221;5px&#8221; button_letter_spacing=&#8221;1px&#8221; button_font=&#8221;Rubik|||on|||||&#8221; button_use_icon=&#8221;off&#8221; custom_padding=&#8221;|||&#8221; border_radii=&#8221;on|5px|5px|5px|5px&#8221; border_width_all=&#8221;1px&#8221; border_color_all=&#8221;#dfe4f3&#8243; box_shadow_style_button=&#8221;preset1&#8243; box_shadow_color_button=&#8221;rgba(41,112,250,0.2)&#8221; form_background_color=&#8221;#f8fafe&#8221; locked=&#8221;off&#8221; global_colors_info=&#8221;{}&#8221;][et_pb_contact_field field_id=&#8221;Name&#8221; field_title=&#8221;Naam&#8221; _builder_version=&#8221;4.16&#8243; custom_margin=&#8221;||40px|&#8221; global_colors_info=&#8221;{}&#8221; button_text_size__hover_enabled=&#8221;off&#8221; button_one_text_size__hover_enabled=&#8221;off&#8221; button_two_text_size__hover_enabled=&#8221;off&#8221; button_text_color__hover_enabled=&#8221;off&#8221; button_one_text_color__hover_enabled=&#8221;off&#8221; button_two_text_color__hover_enabled=&#8221;off&#8221; button_border_width__hover_enabled=&#8221;off&#8221; button_one_border_width__hover_enabled=&#8221;off&#8221; button_two_border_width__hover_enabled=&#8221;off&#8221; button_border_color__hover_enabled=&#8221;off&#8221; button_one_border_color__hover_enabled=&#8221;off&#8221; button_two_border_color__hover_enabled=&#8221;off&#8221; button_border_radius__hover_enabled=&#8221;off&#8221; button_one_border_radius__hover_enabled=&#8221;off&#8221; button_two_border_radius__hover_enabled=&#8221;off&#8221; button_letter_spacing__hover_enabled=&#8221;off&#8221; button_one_letter_spacing__hover_enabled=&#8221;off&#8221; button_two_letter_spacing__hover_enabled=&#8221;off&#8221; button_bg_color__hover_enabled=&#8221;off&#8221; button_one_bg_color__hover_enabled=&#8221;off&#8221; button_two_bg_color__hover_enabled=&#8221;off&#8221;][\/et_pb_contact_field][et_pb_contact_field field_id=&#8221;Email&#8221; field_title=&#8221;E-mailadres&#8221; field_type=&#8221;email&#8221; _builder_version=&#8221;4.16&#8243; custom_margin=&#8221;||40px|&#8221; global_colors_info=&#8221;{}&#8221; button_text_size__hover_enabled=&#8221;off&#8221; button_one_text_size__hover_enabled=&#8221;off&#8221; button_two_text_size__hover_enabled=&#8221;off&#8221; button_text_color__hover_enabled=&#8221;off&#8221; button_one_text_color__hover_enabled=&#8221;off&#8221; button_two_text_color__hover_enabled=&#8221;off&#8221; button_border_width__hover_enabled=&#8221;off&#8221; button_one_border_width__hover_enabled=&#8221;off&#8221; button_two_border_width__hover_enabled=&#8221;off&#8221; button_border_color__hover_enabled=&#8221;off&#8221; button_one_border_color__hover_enabled=&#8221;off&#8221; button_two_border_color__hover_enabled=&#8221;off&#8221; button_border_radius__hover_enabled=&#8221;off&#8221; button_one_border_radius__hover_enabled=&#8221;off&#8221; button_two_border_radius__hover_enabled=&#8221;off&#8221; button_letter_spacing__hover_enabled=&#8221;off&#8221; button_one_letter_spacing__hover_enabled=&#8221;off&#8221; button_two_letter_spacing__hover_enabled=&#8221;off&#8221; button_bg_color__hover_enabled=&#8221;off&#8221; button_one_bg_color__hover_enabled=&#8221;off&#8221; button_two_bg_color__hover_enabled=&#8221;off&#8221;][\/et_pb_contact_field][et_pb_contact_field field_id=&#8221;Message&#8221; field_title=&#8221;Bericht&#8221; field_type=&#8221;text&#8221; fullwidth_field=&#8221;on&#8221; _builder_version=&#8221;4.16&#8243; custom_margin=&#8221;||40px|&#8221; global_colors_info=&#8221;{}&#8221; button_text_size__hover_enabled=&#8221;off&#8221; button_one_text_size__hover_enabled=&#8221;off&#8221; button_two_text_size__hover_enabled=&#8221;off&#8221; button_text_color__hover_enabled=&#8221;off&#8221; button_one_text_color__hover_enabled=&#8221;off&#8221; button_two_text_color__hover_enabled=&#8221;off&#8221; button_border_width__hover_enabled=&#8221;off&#8221; button_one_border_width__hover_enabled=&#8221;off&#8221; button_two_border_width__hover_enabled=&#8221;off&#8221; button_border_color__hover_enabled=&#8221;off&#8221; button_one_border_color__hover_enabled=&#8221;off&#8221; button_two_border_color__hover_enabled=&#8221;off&#8221; button_border_radius__hover_enabled=&#8221;off&#8221; button_one_border_radius__hover_enabled=&#8221;off&#8221; button_two_border_radius__hover_enabled=&#8221;off&#8221; button_letter_spacing__hover_enabled=&#8221;off&#8221; button_one_letter_spacing__hover_enabled=&#8221;off&#8221; button_two_letter_spacing__hover_enabled=&#8221;off&#8221; button_bg_color__hover_enabled=&#8221;off&#8221; button_one_bg_color__hover_enabled=&#8221;off&#8221; button_two_bg_color__hover_enabled=&#8221;off&#8221;][\/et_pb_contact_field][\/et_pb_contact_form][et_pb_code _builder_version=&#8221;4.16&#8243; _module_preset=&#8221;default&#8221; global_colors_info=&#8221;{}&#8221;][\/et_pb_code][\/et_pb_column][\/et_pb_row][\/et_pb_section]<\/p>\n","protected":false},"excerpt":{"rendered":"<p>Vind hieronder de mooiste beelden van onze zeilvakanties in Griekenland.Zeilvakanties met Vogu\u00e9o &#8211; Best Of 2022Zeilvakanties met Vogu\u00e9o &#8211; Best Of 2021Zeilvakanties met Vogu\u00e9o &#8211; Best Of 2020Volg ons op sociale netwerken<\/p>\n","protected":false},"author":1,"featured_media":0,"parent":0,"menu_order":6,"comment_status":"closed","ping_status":"closed","template":"","meta":{"_et_pb_use_builder":"on","_et_pb_old_content":"","_et_gb_content_width":"","footnotes":""},"class_list":["post-5182","page","type-page","status-publish","hentry"],"yoast_head":"<!-- This site is optimized with the Yoast SEO plugin v27.3 - https:\/\/yoast.com\/product\/yoast-seo-wordpress\/ -->\n<title>Zeilvakanties in Griekenland | Vogu\u00e9o | Video&#039;s<\/title>\n<meta name=\"description\" content=\"Je wilt reizen, vrij zijn en een avontuurlijke vakantie hebben. Hier zijn enkele Vogu\u00e9o video&#039;s van onze zeilvakanties in Griekenland.\" \/>\n<meta name=\"robots\" content=\"index, follow, max-snippet:-1, max-image-preview:large, max-video-preview:-1\" \/>\n<link rel=\"canonical\" href=\"https:\/\/xn--voguo-esa.com\/nl\/videos\/\" \/>\n<meta property=\"og:locale\" content=\"nl_NL\" \/>\n<meta property=\"og:type\" content=\"article\" \/>\n<meta property=\"og:title\" content=\"Zeilvakanties in Griekenland | Vogu\u00e9o | Video&#039;s\" \/>\n<meta property=\"og:description\" content=\"Je wilt reizen, vrij zijn en een avontuurlijke vakantie hebben. Hier zijn enkele Vogu\u00e9o video&#039;s van onze zeilvakanties in Griekenland.\" \/>\n<meta property=\"og:url\" content=\"https:\/\/xn--voguo-esa.com\/nl\/videos\/\" \/>\n<meta property=\"og:site_name\" content=\"VOGU\u00c9O\" \/>\n<meta property=\"article:publisher\" content=\"https:\/\/www.facebook.com\/vogueosailing\" \/>\n<meta property=\"article:modified_time\" content=\"2023-04-19T13:35:52+00:00\" \/>\n<meta name=\"twitter:card\" content=\"summary_large_image\" \/>\n<meta name=\"twitter:label1\" content=\"Geschatte leestijd\" \/>\n\t<meta name=\"twitter:data1\" content=\"7 minuten\" \/>\n<script type=\"application\/ld+json\" class=\"yoast-schema-graph\">{\"@context\":\"https:\\\/\\\/schema.org\",\"@graph\":[{\"@type\":\"WebPage\",\"@id\":\"https:\\\/\\\/xn--voguo-esa.com\\\/nl\\\/videos\\\/\",\"url\":\"https:\\\/\\\/xn--voguo-esa.com\\\/nl\\\/videos\\\/\",\"name\":\"Zeilvakanties in Griekenland | Vogu\u00e9o | Video's\",\"isPartOf\":{\"@id\":\"https:\\\/\\\/xn--voguo-esa.com\\\/nl\\\/#website\"},\"datePublished\":\"2021-11-23T19:51:14+00:00\",\"dateModified\":\"2023-04-19T13:35:52+00:00\",\"description\":\"Je wilt reizen, vrij zijn en een avontuurlijke vakantie hebben. Hier zijn enkele Vogu\u00e9o video's van onze zeilvakanties in Griekenland.\",\"breadcrumb\":{\"@id\":\"https:\\\/\\\/xn--voguo-esa.com\\\/nl\\\/videos\\\/#breadcrumb\"},\"inLanguage\":\"nl-NL\",\"potentialAction\":[{\"@type\":\"ReadAction\",\"target\":[\"https:\\\/\\\/xn--voguo-esa.com\\\/nl\\\/videos\\\/\"]}]},{\"@type\":\"BreadcrumbList\",\"@id\":\"https:\\\/\\\/xn--voguo-esa.com\\\/nl\\\/videos\\\/#breadcrumb\",\"itemListElement\":[{\"@type\":\"ListItem\",\"position\":1,\"name\":\"Accueil\",\"item\":\"https:\\\/\\\/xn--voguo-esa.com\\\/nl\\\/voor\\\/\"},{\"@type\":\"ListItem\",\"position\":2,\"name\":\"Video&#8217;s\"}]},{\"@type\":\"WebSite\",\"@id\":\"https:\\\/\\\/xn--voguo-esa.com\\\/nl\\\/#website\",\"url\":\"https:\\\/\\\/xn--voguo-esa.com\\\/nl\\\/\",\"name\":\"VOGU\u00c9O\",\"description\":\"Sailing holidays\",\"publisher\":{\"@id\":\"https:\\\/\\\/xn--voguo-esa.com\\\/nl\\\/#organization\"},\"potentialAction\":[{\"@type\":\"SearchAction\",\"target\":{\"@type\":\"EntryPoint\",\"urlTemplate\":\"https:\\\/\\\/xn--voguo-esa.com\\\/nl\\\/?s={search_term_string}\"},\"query-input\":{\"@type\":\"PropertyValueSpecification\",\"valueRequired\":true,\"valueName\":\"search_term_string\"}}],\"inLanguage\":\"nl-NL\"},{\"@type\":\"Organization\",\"@id\":\"https:\\\/\\\/xn--voguo-esa.com\\\/nl\\\/#organization\",\"name\":\"Vogu\u00e9o\",\"url\":\"https:\\\/\\\/xn--voguo-esa.com\\\/nl\\\/\",\"logo\":{\"@type\":\"ImageObject\",\"inLanguage\":\"nl-NL\",\"@id\":\"https:\\\/\\\/xn--voguo-esa.com\\\/nl\\\/#\\\/schema\\\/logo\\\/image\\\/\",\"url\":\"https:\\\/\\\/xn--voguo-esa.com\\\/wp-content\\\/uploads\\\/2021\\\/12\\\/Logo-vogue-gris-06-icon-e1639080584400.png\",\"contentUrl\":\"https:\\\/\\\/xn--voguo-esa.com\\\/wp-content\\\/uploads\\\/2021\\\/12\\\/Logo-vogue-gris-06-icon-e1639080584400.png\",\"width\":300,\"height\":319,\"caption\":\"Vogu\u00e9o\"},\"image\":{\"@id\":\"https:\\\/\\\/xn--voguo-esa.com\\\/nl\\\/#\\\/schema\\\/logo\\\/image\\\/\"},\"sameAs\":[\"https:\\\/\\\/www.facebook.com\\\/vogueosailing\",\"https:\\\/\\\/www.instagram.com\\\/vogueosailing\"]}]}<\/script>\n<!-- \/ Yoast SEO plugin. -->","yoast_head_json":{"title":"Zeilvakanties in Griekenland | Vogu\u00e9o | Video's","description":"Je wilt reizen, vrij zijn en een avontuurlijke vakantie hebben. Hier zijn enkele Vogu\u00e9o video's van onze zeilvakanties in Griekenland.","robots":{"index":"index","follow":"follow","max-snippet":"max-snippet:-1","max-image-preview":"max-image-preview:large","max-video-preview":"max-video-preview:-1"},"canonical":"https:\/\/xn--voguo-esa.com\/nl\/videos\/","og_locale":"nl_NL","og_type":"article","og_title":"Zeilvakanties in Griekenland | Vogu\u00e9o | Video's","og_description":"Je wilt reizen, vrij zijn en een avontuurlijke vakantie hebben. Hier zijn enkele Vogu\u00e9o video's van onze zeilvakanties in Griekenland.","og_url":"https:\/\/xn--voguo-esa.com\/nl\/videos\/","og_site_name":"VOGU\u00c9O","article_publisher":"https:\/\/www.facebook.com\/vogueosailing","article_modified_time":"2023-04-19T13:35:52+00:00","twitter_card":"summary_large_image","twitter_misc":{"Geschatte leestijd":"7 minuten"},"schema":{"@context":"https:\/\/schema.org","@graph":[{"@type":"WebPage","@id":"https:\/\/xn--voguo-esa.com\/nl\/videos\/","url":"https:\/\/xn--voguo-esa.com\/nl\/videos\/","name":"Zeilvakanties in Griekenland | Vogu\u00e9o | Video's","isPartOf":{"@id":"https:\/\/xn--voguo-esa.com\/nl\/#website"},"datePublished":"2021-11-23T19:51:14+00:00","dateModified":"2023-04-19T13:35:52+00:00","description":"Je wilt reizen, vrij zijn en een avontuurlijke vakantie hebben. Hier zijn enkele Vogu\u00e9o video's van onze zeilvakanties in Griekenland.","breadcrumb":{"@id":"https:\/\/xn--voguo-esa.com\/nl\/videos\/#breadcrumb"},"inLanguage":"nl-NL","potentialAction":[{"@type":"ReadAction","target":["https:\/\/xn--voguo-esa.com\/nl\/videos\/"]}]},{"@type":"BreadcrumbList","@id":"https:\/\/xn--voguo-esa.com\/nl\/videos\/#breadcrumb","itemListElement":[{"@type":"ListItem","position":1,"name":"Accueil","item":"https:\/\/xn--voguo-esa.com\/nl\/voor\/"},{"@type":"ListItem","position":2,"name":"Video&#8217;s"}]},{"@type":"WebSite","@id":"https:\/\/xn--voguo-esa.com\/nl\/#website","url":"https:\/\/xn--voguo-esa.com\/nl\/","name":"VOGU\u00c9O","description":"Sailing holidays","publisher":{"@id":"https:\/\/xn--voguo-esa.com\/nl\/#organization"},"potentialAction":[{"@type":"SearchAction","target":{"@type":"EntryPoint","urlTemplate":"https:\/\/xn--voguo-esa.com\/nl\/?s={search_term_string}"},"query-input":{"@type":"PropertyValueSpecification","valueRequired":true,"valueName":"search_term_string"}}],"inLanguage":"nl-NL"},{"@type":"Organization","@id":"https:\/\/xn--voguo-esa.com\/nl\/#organization","name":"Vogu\u00e9o","url":"https:\/\/xn--voguo-esa.com\/nl\/","logo":{"@type":"ImageObject","inLanguage":"nl-NL","@id":"https:\/\/xn--voguo-esa.com\/nl\/#\/schema\/logo\/image\/","url":"https:\/\/xn--voguo-esa.com\/wp-content\/uploads\/2021\/12\/Logo-vogue-gris-06-icon-e1639080584400.png","contentUrl":"https:\/\/xn--voguo-esa.com\/wp-content\/uploads\/2021\/12\/Logo-vogue-gris-06-icon-e1639080584400.png","width":300,"height":319,"caption":"Vogu\u00e9o"},"image":{"@id":"https:\/\/xn--voguo-esa.com\/nl\/#\/schema\/logo\/image\/"},"sameAs":["https:\/\/www.facebook.com\/vogueosailing","https:\/\/www.instagram.com\/vogueosailing"]}]}},"_links":{"self":[{"href":"https:\/\/xn--voguo-esa.com\/nl\/wp-json\/wp\/v2\/pages\/5182","targetHints":{"allow":["GET"]}}],"collection":[{"href":"https:\/\/xn--voguo-esa.com\/nl\/wp-json\/wp\/v2\/pages"}],"about":[{"href":"https:\/\/xn--voguo-esa.com\/nl\/wp-json\/wp\/v2\/types\/page"}],"author":[{"embeddable":true,"href":"https:\/\/xn--voguo-esa.com\/nl\/wp-json\/wp\/v2\/users\/1"}],"replies":[{"embeddable":true,"href":"https:\/\/xn--voguo-esa.com\/nl\/wp-json\/wp\/v2\/comments?post=5182"}],"version-history":[{"count":14,"href":"https:\/\/xn--voguo-esa.com\/nl\/wp-json\/wp\/v2\/pages\/5182\/revisions"}],"predecessor-version":[{"id":6473,"href":"https:\/\/xn--voguo-esa.com\/nl\/wp-json\/wp\/v2\/pages\/5182\/revisions\/6473"}],"wp:attachment":[{"href":"https:\/\/xn--voguo-esa.com\/nl\/wp-json\/wp\/v2\/media?parent=5182"}],"curies":[{"name":"wp","href":"https:\/\/api.w.org\/{rel}","templated":true}]}}